{"id":9662,"date":"2020-01-02T14:53:31","date_gmt":"2020-01-02T14:53:31","guid":{"rendered":"https:\/\/fashion-square.net\/?page_id=9662"},"modified":"2020-01-27T11:05:29","modified_gmt":"2020-01-27T11:05:29","slug":"ina-kess","status":"publish","type":"page","link":"https:\/\/fashion-square.net\/en\/ina-kess\/","title":{"rendered":"Ina Kess"},"content":{"rendered":"<div data-elementor-type=\"wp-post\" data-elementor-id=\"9662\" class=\"elementor elementor-9662\">\n\t\t\t\t\t\t<section class=\"elementor-section elementor-top-section elementor-element elementor-element-41c235c elementor-section-boxed elementor-section-height-default elementor-section-height-default\" data-id=\"41c235c\" data-element_type=\"section\" data-e-type=\"section\">\n\t\t\t\t\t\t<div class=\"elementor-container elementor-column-gap-default\">\n\t\t\t\t\t<div class=\"elementor-column elementor-col-100 elementor-top-column elementor-element elementor-element-4d63b54\" data-id=\"4d63b54\" data-element_type=\"column\" data-e-type=\"column\">\n\t\t\t<div class=\"elementor-widget-wrap elementor-element-populated\">\n\t\t\t\t\t\t<div class=\"elementor-element elementor-element-1967c3c elementor-widget elementor-widget-image\" data-id=\"1967c3c\" data-element_type=\"widget\" data-e-type=\"widget\" data-widget_type=\"image.default\">\n\t\t\t\t<div class=\"elementor-widget-container\">\n\t\t\t\t\t\t\t\t\t\t\t\t\t\t\t<img decoding=\"async\" src=\"https:\/\/fashion-square.net\/wp-content\/uploads\/2020\/01\/INA-KESS-Logo_web-002.jpg\" title=\"\" alt=\"\" loading=\"lazy\" \/>\t\t\t\t\t\t\t\t\t\t\t\t\t\t\t<\/div>\n\t\t\t\t<\/div>\n\t\t\t\t\t<\/div>\n\t\t<\/div>\n\t\t\t\t\t<\/div>\n\t\t<\/section>\n\t\t\t\t<section class=\"elementor-section elementor-top-section elementor-element elementor-element-e8aea57 elementor-section-boxed elementor-section-height-default elementor-section-height-default\" data-id=\"e8aea57\" data-element_type=\"section\" data-e-type=\"section\">\n\t\t\t\t\t\t<div class=\"elementor-container elementor-column-gap-default\">\n\t\t\t\t\t<div class=\"elementor-column elementor-col-50 elementor-top-column elementor-element elementor-element-b8f5f03\" data-id=\"b8f5f03\" data-element_type=\"column\" data-e-type=\"column\">\n\t\t\t<div class=\"elementor-widget-wrap elementor-element-populated\">\n\t\t\t\t\t\t<div class=\"elementor-element elementor-element-ed58c5f elementor-widget elementor-widget-text-editor\" data-id=\"ed58c5f\" data-element_type=\"widget\" data-e-type=\"widget\" data-widget_type=\"text-editor.default\">\n\t\t\t\t<div class=\"elementor-widget-container\">\n\t\t\t\t\t\t\t\t\t<h3><strong><span style=\"color: #808080;\">INA KESS<\/span><\/strong><\/h3><div class=\"get_in_touch_wrapper\"><ul><li><strong><span style=\"color: #999999;\">Ina Kess Studio + Store<\/span><\/strong><br \/><span style=\"color: #999999;\">Brandschenkenstrasse 96<\/span><br \/><span style=\"color: #999999;\">8002 Zurich<\/span><br \/><span style=\"color: #999999;\">Switzerland<\/span><\/li><li class=\"www\"><span style=\"color: #999999;\"><a style=\"color: #999999;\" href=\"http:\/\/www.inakess.com\/\" target=\"_blank\" rel=\"noopener\">inakess.com<\/a><\/span><\/li><\/ul><\/div><p>\u00a0<\/p><h4><strong><span style=\"color: #808080;\">Contact:<\/span><\/strong><\/h4><div><span style=\"color: #808080;\">Katharina Staub<\/span><br \/><span style=\"color: #808080;\"><a style=\"color: #808080;\" href=\"tel:+41 76 518 42 85\">Mobil +41 76 518 42 85<\/a><\/span><\/div><div><span style=\"color: #808080;\"><a style=\"color: #808080;\" href=\"tel:+41 (0) 43 508 42 85\">Office +41 (0) 43 508 42 85<\/a><\/span><\/div><div><span style=\"color: #808080;\"><a style=\"color: #808080;\" href=\"\/en\/contact@inakess.com\/\">contact@inakess.com<\/a><\/span><\/div><div>\u00a0<\/div>\t\t\t\t\t\t\t\t<\/div>\n\t\t\t\t<\/div>\n\t\t\t\t\t<\/div>\n\t\t<\/div>\n\t\t\t\t<div class=\"elementor-column elementor-col-50 elementor-top-column elementor-element elementor-element-03c0ad9\" data-id=\"03c0ad9\" data-element_type=\"column\" data-e-type=\"column\">\n\t\t\t<div class=\"elementor-widget-wrap elementor-element-populated\">\n\t\t\t\t\t\t<div class=\"elementor-element elementor-element-8f8aab6 elementor-widget elementor-widget-image\" data-id=\"8f8aab6\" data-element_type=\"widget\" data-e-type=\"widget\" data-widget_type=\"image.default\">\n\t\t\t\t<div class=\"elementor-widget-container\">\n\t\t\t\t\t\t\t\t\t\t\t\t\t\t\t\t<a href=\"https:\/\/fashion-square.net\/wp-content\/uploads\/2020\/01\/I_Kess_51_web-002.jpg\" data-elementor-open-lightbox=\"yes\" data-e-action-hash=\"#elementor-action%3Aaction%3Dlightbox%26settings%3DeyJpZCI6OTY2OSwidXJsIjpmYWxzZX0%3D\">\n\t\t\t\t\t\t\t<img decoding=\"async\" src=\"https:\/\/fashion-square.net\/wp-content\/uploads\/2020\/01\/I_Kess_51_web-002.jpg\" title=\"\" alt=\"\" loading=\"lazy\" \/>\t\t\t\t\t\t\t\t<\/a>\n\t\t\t\t\t\t\t\t\t\t\t\t\t\t\t<\/div>\n\t\t\t\t<\/div>\n\t\t\t\t\t<\/div>\n\t\t<\/div>\n\t\t\t\t\t<\/div>\n\t\t<\/section>\n\t\t\t\t<section class=\"elementor-section elementor-top-section elementor-element elementor-element-86a511b elementor-section-boxed elementor-section-height-default elementor-section-height-default\" data-id=\"86a511b\" data-element_type=\"section\" data-e-type=\"section\">\n\t\t\t\t\t\t<div class=\"elementor-container elementor-column-gap-default\">\n\t\t\t\t\t<div class=\"elementor-column elementor-col-100 elementor-top-column elementor-element elementor-element-678ff91\" data-id=\"678ff91\" data-element_type=\"column\" data-e-type=\"column\">\n\t\t\t<div class=\"elementor-widget-wrap elementor-element-populated\">\n\t\t\t\t\t\t<div class=\"elementor-element elementor-element-4a75e12 elementor-widget elementor-widget-spacer\" data-id=\"4a75e12\" data-element_type=\"widget\" data-e-type=\"widget\" data-widget_type=\"spacer.default\">\n\t\t\t\t<div class=\"elementor-widget-container\">\n\t\t\t\t\t\t\t<div class=\"elementor-spacer\">\n\t\t\t<div class=\"elementor-spacer-inner\"><\/div>\n\t\t<\/div>\n\t\t\t\t\t\t<\/div>\n\t\t\t\t<\/div>\n\t\t\t\t\t<\/div>\n\t\t<\/div>\n\t\t\t\t\t<\/div>\n\t\t<\/section>\n\t\t\t\t<section class=\"elementor-section elementor-top-section elementor-element elementor-element-92adb70 elementor-section-full_width elementor-section-height-default elementor-section-height-default\" data-id=\"92adb70\" data-element_type=\"section\" data-e-type=\"section\">\n\t\t\t\t\t\t<div class=\"elementor-container elementor-column-gap-default\">\n\t\t\t\t\t<div class=\"elementor-column elementor-col-100 elementor-top-column elementor-element elementor-element-513a0aec\" data-id=\"513a0aec\" data-element_type=\"column\" data-e-type=\"column\">\n\t\t\t<div class=\"elementor-widget-wrap elementor-element-populated\">\n\t\t\t\t\t\t<div class=\"elementor-element elementor-element-3e15abc6 elementor-widget elementor-widget-text-editor\" data-id=\"3e15abc6\" data-element_type=\"widget\" data-e-type=\"widget\" data-widget_type=\"text-editor.default\">\n\t\t\t\t<div class=\"elementor-widget-container\">\n\t\t\t\t\t\t\t\t\t<h1 style=\"text-align: center;\"><span style=\"color: #808080;\"><strong>Philosophie<\/strong><\/span><\/h1><p style=\"text-align: left;\">Founded by sisters Katharina and Isabelle Staub in 2015,<br \/>INA KESS is an exclusive Swiss brand whose styles combine the finest functional fabrics with a clean and sleek look.<br \/>INA KESS means comfort and effortless movement,<br \/>elaborated in sophisticated designs for the modern lifestyle.<br \/>Designed in Switzerland, made in Europe.<\/p><p style=\"text-align: left;\">INA KESS ist ein exklusiver Sport-Lifestyle Brand der 2015 von den Schwestern Katharina und Isabelle Staub in Z\u00fcrich gegr\u00fcndet wurde. Die Designs verbinden zeitlose Klassiker mit hochtechnischen Materialien und erlauben einen leichten und entspannten Auftritt, unabh\u00e4ngig des Anlasses.<br \/>INA KESS steht f\u00fcr feminine Powersilhouetten, die durch<br \/>h\u00f6chste Qualit\u00e4t, Komfort und eine ausgepr\u00e4gte Liebe zum Detail \u00fcberzeugen.<br \/>Entwickelt in der Schweiz, hergestellt in Europa.<\/p>\t\t\t\t\t\t\t\t<\/div>\n\t\t\t\t<\/div>\n\t\t\t\t\t<\/div>\n\t\t<\/div>\n\t\t\t\t\t<\/div>\n\t\t<\/section>\n\t\t\t\t<section class=\"elementor-section elementor-top-section elementor-element elementor-element-f3ef201 elementor-section-boxed elementor-section-height-default elementor-section-height-default\" data-id=\"f3ef201\" data-element_type=\"section\" data-e-type=\"section\">\n\t\t\t\t\t\t<div class=\"elementor-container elementor-column-gap-default\">\n\t\t\t\t\t<div class=\"elementor-column elementor-col-100 elementor-top-column elementor-element elementor-element-150c86d\" data-id=\"150c86d\" data-element_type=\"column\" data-e-type=\"column\">\n\t\t\t<div class=\"elementor-widget-wrap elementor-element-populated\">\n\t\t\t\t\t\t<div class=\"elementor-element elementor-element-eeb395a elementor-widget elementor-widget-spacer\" data-id=\"eeb395a\" data-element_type=\"widget\" data-e-type=\"widget\" data-widget_type=\"spacer.default\">\n\t\t\t\t<div class=\"elementor-widget-container\">\n\t\t\t\t\t\t\t<div class=\"elementor-spacer\">\n\t\t\t<div class=\"elementor-spacer-inner\"><\/div>\n\t\t<\/div>\n\t\t\t\t\t\t<\/div>\n\t\t\t\t<\/div>\n\t\t\t\t\t<\/div>\n\t\t<\/div>\n\t\t\t\t\t<\/div>\n\t\t<\/section>\n\t\t\t\t<section class=\"elementor-section elementor-top-section elementor-element elementor-element-02e415b elementor-section-boxed elementor-section-height-default elementor-section-height-default\" data-id=\"02e415b\" data-element_type=\"section\" data-e-type=\"section\">\n\t\t\t\t\t\t<div class=\"elementor-container elementor-column-gap-default\">\n\t\t\t\t\t<div class=\"elementor-column elementor-col-100 elementor-top-column elementor-element elementor-element-357d7f1\" data-id=\"357d7f1\" data-element_type=\"column\" data-e-type=\"column\">\n\t\t\t<div class=\"elementor-widget-wrap elementor-element-populated\">\n\t\t\t\t\t\t<div class=\"elementor-element elementor-element-7820709 elementor-widget elementor-widget-google_maps\" data-id=\"7820709\" data-element_type=\"widget\" data-e-type=\"widget\" data-widget_type=\"google_maps.default\">\n\t\t\t\t<div class=\"elementor-widget-container\">\n\t\t\t\t\t\t\t<div class=\"elementor-custom-embed\">\n\t\t\t<iframe loading=\"lazy\"\n\t\t\t\t\tsrc=\"https:\/\/maps.google.com\/maps?q=Ina%20Kess%2C%20Brandschenkestrasse%2096%2C%208002%20Zurich&#038;t=m&#038;z=10&#038;output=embed&#038;iwloc=near\"\n\t\t\t\t\ttitle=\"Ina Kess, Brandschenkestrasse 96, 8002 Zurich\"\n\t\t\t\t\taria-label=\"Ina Kess, Brandschenkestrasse 96, 8002 Zurich\"\n\t\t\t><\/iframe>\n\t\t<\/div>\n\t\t\t\t\t\t<\/div>\n\t\t\t\t<\/div>\n\t\t\t\t\t<\/div>\n\t\t<\/div>\n\t\t\t\t\t<\/div>\n\t\t<\/section>\n\t\t\t\t<section class=\"elementor-section elementor-top-section elementor-element elementor-element-8a84789 elementor-section-boxed elementor-section-height-default elementor-section-height-default\" data-id=\"8a84789\" data-element_type=\"section\" data-e-type=\"section\">\n\t\t\t\t\t\t<div class=\"elementor-container elementor-column-gap-default\">\n\t\t\t\t\t<div class=\"elementor-column elementor-col-25 elementor-top-column elementor-element elementor-element-c06d5f6\" data-id=\"c06d5f6\" data-element_type=\"column\" data-e-type=\"column\">\n\t\t\t<div class=\"elementor-widget-wrap elementor-element-populated\">\n\t\t\t\t\t\t<div class=\"elementor-element elementor-element-3983d8b elementor-widget elementor-widget-text-editor\" data-id=\"3983d8b\" data-element_type=\"widget\" data-e-type=\"widget\" data-widget_type=\"text-editor.default\">\n\t\t\t\t<div class=\"elementor-widget-container\">\n\t\t\t\t\t\t\t\t\t<h2 style=\"font-size: 36px; line-height: 36px;\"><span style=\"color: #808080;\"><strong>Showrooms<\/strong><\/span><\/h2><h4>\u00a0<\/h4><h4>Zurich<\/h4><p>INA KESS Studio + Store<br \/>Brandschenkestrasse 96<br \/>8002 Zurich, Switzerland<\/p><p>Kontakt\/Contact:<\/p><p>Katharina Staub<br \/>mobile +41 76 518 42 85<br \/>office +41 43 508 42 85<br \/>contact@inakess.com<br \/>06\u201331 January 2020<\/p><h4>Paris<\/h4><p>INA KESS Showroom PARIS<br \/>22 Rue Notre Dame de<br \/>Nazareth<br \/>75003 Paris, France<\/p><p>Contact:<\/p><p>Katharina Staub<br \/>mobile +41 76 518 42 85<br \/>office +41 43 508 42 85<br \/>contact@inakess.com<br \/>18\u201320 January 2020<\/p><h4>D\u00fcsseldorf<\/h4><p>INA KESS Showroom<br \/>DUSSELDORF<br \/>Kaiserswerther Str. 183A<br \/>40474 Dusseldorf, Germany<\/p><p>Kontakt\/Contact:<\/p><p>Katharina Staub<br \/>mobile +41 76 518 42 85<br \/>office +41 43 508 42 85<br \/>contact@inakess.com<br \/>24\u201327 January 2020<\/p><h4>Munich<\/h4><p>INA KESS Showroom MUNICH<br \/>Prisco Haus<br \/>Prinzregentenplatz 23<br \/>81675 Munich, Germany<\/p><p>Kontakt\/Contact:<\/p><p>Katharina Staub<br \/>mobile +41 76 518 42 85<br \/>office +41 43 508 42 85<br \/>contact@inakess.com<br \/>08\u201311 February 2020<\/p><h3>Fairs<\/h3><h4>Paris<\/h4><p>TRANO\u00cf<\/p><p>Stand C08<br \/>22 Place du G\u00e9n\u00e9ral Catroux<br \/>F-75017 Paris<br \/>17\u201319 February 2020<\/p>\t\t\t\t\t\t\t\t<\/div>\n\t\t\t\t<\/div>\n\t\t\t\t\t<\/div>\n\t\t<\/div>\n\t\t\t\t<div class=\"elementor-column elementor-col-25 elementor-top-column elementor-element elementor-element-a544ac8\" data-id=\"a544ac8\" data-element_type=\"column\" data-e-type=\"column\">\n\t\t\t<div class=\"elementor-widget-wrap elementor-element-populated\">\n\t\t\t\t\t\t<div class=\"elementor-element elementor-element-8506f66 elementor-widget elementor-widget-text-editor\" data-id=\"8506f66\" data-element_type=\"widget\" data-e-type=\"widget\" data-widget_type=\"text-editor.default\">\n\t\t\t\t<div class=\"elementor-widget-container\">\n\t\t\t\t\t\t\t\t\t<h2 style=\"font-size: 36px; line-height: 36px;\"><span style=\"color: #808080;\"><strong>Fairs<\/strong><\/span><\/h2><h4>\u00a0<\/h4><h4><span style=\"color: #808080;\"><strong>D\u00fcsseldorf<\/strong><\/span><\/h4><h5>fashion week D\u00fcsseldorf<\/h5><p>24.01.2020 &#8211; 28.01.2020<\/p><h4><span style=\"color: #808080;\"><strong>Munich<\/strong><\/span><\/h4><h5>Munich Fashion<\/h5><div>08.02.2020 &#8211; 11.02.2020<\/div><div>\u00a0<\/div><div><h3>Paris<\/h3><h5>TRANO\u00cf<\/h5><p>22 Place du G\u00e9n\u00e9ral Catroux<br \/>F-75017 Paris<br \/>17\u201319 February 2020<\/p><p>Stand C08<\/p><h4>\u00a0<\/h4><\/div><h4>\u00a0<\/h4><div>\u00a0<\/div>\t\t\t\t\t\t\t\t<\/div>\n\t\t\t\t<\/div>\n\t\t\t\t\t<\/div>\n\t\t<\/div>\n\t\t\t\t<div class=\"elementor-column elementor-col-25 elementor-top-column elementor-element elementor-element-2b24d69\" data-id=\"2b24d69\" data-element_type=\"column\" data-e-type=\"column\">\n\t\t\t<div class=\"elementor-widget-wrap elementor-element-populated\">\n\t\t\t\t\t\t<div class=\"elementor-element elementor-element-9ec93a4 elementor-widget elementor-widget-text-editor\" data-id=\"9ec93a4\" data-element_type=\"widget\" data-e-type=\"widget\" data-widget_type=\"text-editor.default\">\n\t\t\t\t<div class=\"elementor-widget-container\">\n\t\t\t\t\t\t\t\t\t<h2 style=\"font-size: 36px; line-height: 36px;\"><span style=\"color: #808080;\"><strong>Collections<\/strong><\/span><\/h2><div>\u00a0<\/div><div>INA KESS<\/div><div>\u00a0<\/div><div>\u00a0<\/div><div>\u00a0<\/div>\t\t\t\t\t\t\t\t<\/div>\n\t\t\t\t<\/div>\n\t\t\t\t\t<\/div>\n\t\t<\/div>\n\t\t\t\t<div class=\"elementor-column elementor-col-25 elementor-top-column elementor-element elementor-element-ea3ee4c\" data-id=\"ea3ee4c\" data-element_type=\"column\" data-e-type=\"column\">\n\t\t\t<div class=\"elementor-widget-wrap elementor-element-populated\">\n\t\t\t\t\t\t<div class=\"elementor-element elementor-element-cc04d9a elementor-widget elementor-widget-text-editor\" data-id=\"cc04d9a\" data-element_type=\"widget\" data-e-type=\"widget\" data-widget_type=\"text-editor.default\">\n\t\t\t\t<div class=\"elementor-widget-container\">\n\t\t\t\t\t\t\t\t\t<h2 style=\"font-size: 36px; line-height: 36px;\"><strong><span style=\"color: #808080;\">Range<\/span><\/strong><\/h2><div>\u00a0<\/div><div>GENERAL WOMEN<\/div>\t\t\t\t\t\t\t\t<\/div>\n\t\t\t\t<\/div>\n\t\t\t\t\t<\/div>\n\t\t<\/div>\n\t\t\t\t\t<\/div>\n\t\t<\/section>\n\t\t\t\t<section class=\"elementor-section elementor-top-section elementor-element elementor-element-0e5400c elementor-section-boxed elementor-section-height-default elementor-section-height-default\" data-id=\"0e5400c\" data-element_type=\"section\" data-e-type=\"section\">\n\t\t\t\t\t\t<div class=\"elementor-container elementor-column-gap-default\">\n\t\t\t\t\t<div class=\"elementor-column elementor-col-33 elementor-top-column elementor-element elementor-element-4698b1d\" data-id=\"4698b1d\" data-element_type=\"column\" data-e-type=\"column\">\n\t\t\t<div class=\"elementor-widget-wrap elementor-element-populated\">\n\t\t\t\t\t\t<div class=\"elementor-element elementor-element-0401873 elementor-widget elementor-widget-image\" data-id=\"0401873\" data-element_type=\"widget\" data-e-type=\"widget\" data-widget_type=\"image.default\">\n\t\t\t\t<div class=\"elementor-widget-container\">\n\t\t\t\t\t\t\t\t\t\t\t\t\t\t\t<img decoding=\"async\" src=\"https:\/\/fashion-square.net\/wp-content\/uploads\/2020\/01\/Anzeige_I_Kess_51_web-002.jpg\" title=\"\" alt=\"\" loading=\"lazy\" \/>\t\t\t\t\t\t\t\t\t\t\t\t\t\t\t<\/div>\n\t\t\t\t<\/div>\n\t\t\t\t\t<\/div>\n\t\t<\/div>\n\t\t\t\t<div class=\"elementor-column elementor-col-33 elementor-top-column elementor-element elementor-element-73f031d\" data-id=\"73f031d\" data-element_type=\"column\" data-e-type=\"column\">\n\t\t\t<div class=\"elementor-widget-wrap elementor-element-populated\">\n\t\t\t\t\t\t<div class=\"elementor-element elementor-element-8d57053 elementor-widget elementor-widget-image\" data-id=\"8d57053\" data-element_type=\"widget\" data-e-type=\"widget\" data-widget_type=\"image.default\">\n\t\t\t\t<div class=\"elementor-widget-container\">\n\t\t\t\t\t\t\t\t\t\t\t\t\t\t\t<img decoding=\"async\" src=\"https:\/\/fashion-square.net\/wp-content\/uploads\/2020\/01\/INA-KESS-Logo_web-002.jpg\" title=\"\" alt=\"\" loading=\"lazy\" \/>\t\t\t\t\t\t\t\t\t\t\t\t\t\t\t<\/div>\n\t\t\t\t<\/div>\n\t\t\t\t\t<\/div>\n\t\t<\/div>\n\t\t\t\t<div class=\"elementor-column elementor-col-33 elementor-top-column elementor-element elementor-element-1ea6ea5\" data-id=\"1ea6ea5\" data-element_type=\"column\" data-e-type=\"column\">\n\t\t\t<div class=\"elementor-widget-wrap elementor-element-populated\">\n\t\t\t\t\t\t<div class=\"elementor-element elementor-element-1125392 elementor-widget elementor-widget-image\" data-id=\"1125392\" data-element_type=\"widget\" data-e-type=\"widget\" data-widget_type=\"image.default\">\n\t\t\t\t<div class=\"elementor-widget-container\">\n\t\t\t\t\t\t\t\t\t\t\t\t\t\t\t<img decoding=\"async\" src=\"https:\/\/fashion-square.net\/wp-content\/uploads\/2020\/01\/I_Kess_51_web-002.jpg\" title=\"\" alt=\"\" loading=\"lazy\" \/>\t\t\t\t\t\t\t\t\t\t\t\t\t\t\t<\/div>\n\t\t\t\t<\/div>\n\t\t\t\t\t<\/div>\n\t\t<\/div>\n\t\t\t\t\t<\/div>\n\t\t<\/section>\n\t\t\t\t<\/div>\n\t\t<div class=\"shariff shariff-align-flex-start shariff-widget-align-flex-start\" data-url=\"https%3A%2F%2Ffashion-square.net%2Fen%2Fina-kess%2F\" data-timestamp=\"1580123129\" data-backendurl=\"https:\/\/fashion-square.net\/en\/wp-json\/shariff\/v1\/share_counts?\"><ul class=\"shariff-buttons theme-default orientation-horizontal buttonsize-small\"><li class=\"shariff-button twitter shariff-nocustomcolor\" style=\"background-color:#1e3050\"><a href=\"https:\/\/twitter.com\/intent\/tweet?url=https%3A%2F%2Ffashion-square.net%2Fen%2Fina-kess%2F&text=Ina%20Kess\" title=\"Bei X (Twitter) teilen\" aria-label=\"Bei X (Twitter) teilen\" role=\"button\" rel=\"noreferrernoopener nofollow\" class=\"shariff-link\" style=\"; background-color:#000000; color:#fff\" target=\"_blank\"><span class=\"shariff-icon\" style=\"\"><svg xmlns=\"http:\/\/www.w3.org\/2000\/svg\" height=\"1em\" viewbox=\"0 0 512 512\"><!--! Font Awesome Free 6.4.2 by @fontawesome - https:\/\/fontawesome.com License - https:\/\/fontawesome.com\/license (Commercial License) Copyright 2023 Fonticons, Inc. --><style>svg{fill:#ffffff}<\/style><path d=\"M389.2 48h70.6L305.6 224.2 487 464H345L233.7 318.6 106.5 464H35.8L200.7 275.5 26.8 48H172.4L272.9 180.9 389.2 48zM364.4 421.8h39.1L151.1 88h-42L364.4 421.8z\"\/><\/svg><\/span><span class=\"shariff-text\">twittern<\/span>&nbsp;<\/a><\/li><li class=\"shariff-button facebook shariff-nocustomcolor\" style=\"background-color:#4273c8\"><a href=\"https:\/\/www.facebook.com\/sharer\/sharer.php?u=https%3A%2F%2Ffashion-square.net%2Fen%2Fina-kess%2F\" title=\"Bei Facebook teilen\" aria-label=\"Bei Facebook teilen\" role=\"button\" rel=\"noreferrernoopener nofollow\" class=\"shariff-link\" style=\"; background-color:#3b5998; color:#fff\" target=\"_blank\"><span class=\"shariff-icon\" style=\"\"><svg width=\"32px\" height=\"20px\" xmlns=\"http:\/\/www.w3.org\/2000\/svg\" viewbox=\"0 0 18 32\"><path fill=\"#3b5998\" d=\"M17.1 0.2v4.7h-2.8q-1.5 0-2.1 0.6t-0.5 1.9v3.4h5.2l-0.7 5.3h-4.5v13.6h-5.5v-13.6h-4.5v-5.3h4.5v-3.9q0-3.3 1.9-5.2t5-1.8q2.6 0 4.1 0.2z\"\/><\/svg><\/span><span class=\"shariff-text\">teilen<\/span>&nbsp;<\/a><\/li><li class=\"shariff-button whatsapp shariff-nocustomcolor\" style=\"background-color:#5cbe4a\"><a href=\"https:\/\/api.whatsapp.com\/send?text=https%3A%2F%2Ffashion-square.net%2Fen%2Fina-kess%2F%20Ina%20Kess\" title=\"Bei Whatsapp teilen\" aria-label=\"Bei Whatsapp teilen\" role=\"button\" rel=\"noreferrernoopener nofollow\" class=\"shariff-link\" style=\"; background-color:#34af23; color:#fff\" target=\"_blank\"><span class=\"shariff-icon\" style=\"\"><svg width=\"32px\" height=\"20px\" xmlns=\"http:\/\/www.w3.org\/2000\/svg\" viewbox=\"0 0 32 32\"><path fill=\"#34af23\" d=\"M17.6 17.4q0.2 0 1.7 0.8t1.6 0.9q0 0.1 0 0.3 0 0.6-0.3 1.4-0.3 0.7-1.3 1.2t-1.8 0.5q-1 0-3.4-1.1-1.7-0.8-3-2.1t-2.6-3.3q-1.3-1.9-1.3-3.5v-0.1q0.1-1.6 1.3-2.8 0.4-0.4 0.9-0.4 0.1 0 0.3 0t0.3 0q0.3 0 0.5 0.1t0.3 0.5q0.1 0.4 0.6 1.6t0.4 1.3q0 0.4-0.6 1t-0.6 0.8q0 0.1 0.1 0.3 0.6 1.3 1.8 2.4 1 0.9 2.7 1.8 0.2 0.1 0.4 0.1 0.3 0 1-0.9t0.9-0.9zM14 26.9q2.3 0 4.3-0.9t3.6-2.4 2.4-3.6 0.9-4.3-0.9-4.3-2.4-3.6-3.6-2.4-4.3-0.9-4.3 0.9-3.6 2.4-2.4 3.6-0.9 4.3q0 3.6 2.1 6.6l-1.4 4.2 4.3-1.4q2.8 1.9 6.2 1.9zM14 2.2q2.7 0 5.2 1.1t4.3 2.9 2.9 4.3 1.1 5.2-1.1 5.2-2.9 4.3-4.3 2.9-5.2 1.1q-3.5 0-6.5-1.7l-7.4 2.4 2.4-7.2q-1.9-3.2-1.9-6.9 0-2.7 1.1-5.2t2.9-4.3 4.3-2.9 5.2-1.1z\"\/><\/svg><\/span><span class=\"shariff-text\">teilen<\/span>&nbsp;<\/a><\/li><\/ul><\/div>","protected":false},"excerpt":{"rendered":"<p>INA KESS Ina Kess Studio + StoreBrandschenkenstrasse 968002 ZurichSwitzerland inakess.com \u00a0 Contact: Katharina StaubMobil +41 76 518 42 85Office +41 (0) 43 508 42 85contact@inakess.com\u00a0 Philosophie<span class=\"excerpt-hellip\"> [\u2026]<\/span><\/p>\n","protected":false},"author":10,"featured_media":0,"parent":0,"menu_order":0,"comment_status":"closed","ping_status":"closed","template":"","meta":{"footnotes":""},"class_list":["post-9662","page","type-page","status-publish","hentry"],"_links":{"self":[{"href":"https:\/\/fashion-square.net\/en\/wp-json\/wp\/v2\/pages\/9662","targetHints":{"allow":["GET"]}}],"collection":[{"href":"https:\/\/fashion-square.net\/en\/wp-json\/wp\/v2\/pages"}],"about":[{"href":"https:\/\/fashion-square.net\/en\/wp-json\/wp\/v2\/types\/page"}],"author":[{"embeddable":true,"href":"https:\/\/fashion-square.net\/en\/wp-json\/wp\/v2\/users\/10"}],"replies":[{"embeddable":true,"href":"https:\/\/fashion-square.net\/en\/wp-json\/wp\/v2\/comments?post=9662"}],"version-history":[{"count":0,"href":"https:\/\/fashion-square.net\/en\/wp-json\/wp\/v2\/pages\/9662\/revisions"}],"wp:attachment":[{"href":"https:\/\/fashion-square.net\/en\/wp-json\/wp\/v2\/media?parent=9662"}],"curies":[{"name":"wp","href":"https:\/\/api.w.org\/{rel}","templated":true}]}}