{"id":3393,"date":"2018-06-27T23:44:51","date_gmt":"2018-06-27T23:44:51","guid":{"rendered":"https:\/\/fashion-square.net\/?page_id=3393"},"modified":"2020-07-22T19:57:53","modified_gmt":"2020-07-22T19:57:53","slug":"unifa","status":"publish","type":"page","link":"https:\/\/fashion-square.net\/en\/unifa\/","title":{"rendered":"Unifa"},"content":{"rendered":"<div data-elementor-type=\"wp-post\" data-elementor-id=\"3393\" class=\"elementor elementor-3393\">\n\t\t\t\t\t\t<section class=\"elementor-section elementor-top-section elementor-element elementor-element-6cec1c99 elementor-section-boxed elementor-section-height-default elementor-section-height-default\" data-id=\"6cec1c99\" data-element_type=\"section\" data-e-type=\"section\">\n\t\t\t\t\t\t<div class=\"elementor-container elementor-column-gap-default\">\n\t\t\t\t\t<div class=\"elementor-column elementor-col-100 elementor-top-column elementor-element elementor-element-240315ef\" data-id=\"240315ef\" data-element_type=\"column\" data-e-type=\"column\">\n\t\t\t<div class=\"elementor-widget-wrap elementor-element-populated\">\n\t\t\t\t\t\t<div class=\"elementor-element elementor-element-286c28bf elementor-widget elementor-widget-image\" data-id=\"286c28bf\" data-element_type=\"widget\" data-e-type=\"widget\" data-widget_type=\"image.default\">\n\t\t\t\t<div class=\"elementor-widget-container\">\n\t\t\t\t\t\t\t\t\t\t\t\t\t\t\t<img decoding=\"async\" width=\"472\" height=\"87\" src=\"https:\/\/fashion-square.net\/wp-content\/uploads\/2018\/07\/unifa_gmbh_logo_s-Kopie48web-002.jpg\" class=\"attachment-large size-large wp-image-3831\" alt=\"\" srcset=\"https:\/\/fashion-square.net\/wp-content\/uploads\/2018\/07\/unifa_gmbh_logo_s-Kopie48web-002.jpg 472w, https:\/\/fashion-square.net\/wp-content\/uploads\/2018\/07\/unifa_gmbh_logo_s-Kopie48web-002-300x55.jpg 300w, https:\/\/fashion-square.net\/wp-content\/uploads\/2018\/07\/unifa_gmbh_logo_s-Kopie48web-002-260x48.jpg 260w, https:\/\/fashion-square.net\/wp-content\/uploads\/2018\/07\/unifa_gmbh_logo_s-Kopie48web-002-50x9.jpg 50w, https:\/\/fashion-square.net\/wp-content\/uploads\/2018\/07\/unifa_gmbh_logo_s-Kopie48web-002-150x28.jpg 150w\" sizes=\"(max-width: 472px) 100vw, 472px\" \/>\t\t\t\t\t\t\t\t\t\t\t\t\t\t\t<\/div>\n\t\t\t\t<\/div>\n\t\t\t\t\t<\/div>\n\t\t<\/div>\n\t\t\t\t\t<\/div>\n\t\t<\/section>\n\t\t\t\t<section class=\"elementor-section elementor-top-section elementor-element elementor-element-17930c23 elementor-section-boxed elementor-section-height-default elementor-section-height-default\" data-id=\"17930c23\" data-element_type=\"section\" data-e-type=\"section\">\n\t\t\t\t\t\t<div class=\"elementor-container elementor-column-gap-default\">\n\t\t\t\t\t<div class=\"elementor-column elementor-col-50 elementor-top-column elementor-element elementor-element-2f123675\" data-id=\"2f123675\" data-element_type=\"column\" data-e-type=\"column\">\n\t\t\t<div class=\"elementor-widget-wrap elementor-element-populated\">\n\t\t\t\t\t\t<div class=\"elementor-element elementor-element-6bc978e6 elementor-widget elementor-widget-text-editor\" data-id=\"6bc978e6\" data-element_type=\"widget\" data-e-type=\"widget\" data-widget_type=\"text-editor.default\">\n\t\t\t\t<div class=\"elementor-widget-container\">\n\t\t\t\t\t\t\t\t\t<h3><span style=\"color: #808080;\"><strong>UNIFA GmbH<\/strong><\/span><\/h3><h4><strong><span style=\"color: #808080;\">Head-Office<\/span><\/strong><\/h4><div><p><span style=\"color: #808080;\">Plange M\u00fchle 1, <\/span><\/p><p><span style=\"color: #808080;\">Weizenm\u00fchlenstr. 21<\/span><\/p><p><span style=\"color: #808080;\">D-40221 D\u00fcsseldorf<\/span><\/p><p><span style=\"color: #808080;\"><a style=\"color: #808080;\" href=\"tel:+49 (0) 211\/17 14 99-0\">T+49 (0) 211\/17 14 99-0<\/a><\/span><\/p><p><span style=\"color: #808080;\"><a style=\"color: #808080;\" href=\"fax:+49 (0) 211\/17 14 99-28\">F+49 (0) 211\/17 14 99-28<\/a><\/span><\/p><p><span style=\"color: #808080;\"><a style=\"color: #808080;\" href=\"http:\/\/www.unifa-fashion.com\" target=\"_blank\" rel=\"noopener\">http:\/\/wp.unifa-fashion.com\/wordpress<\/a><\/span><\/p><hr \/><div><h4>\u00a0<\/h4><h4><span style=\"color: #808080;\"><strong>Contact<\/strong><\/span><\/h4><p><span style=\"color: #808080;\">Mr. Reinhard Haase &#8211; (CEO)<\/span><\/p><\/div><\/div>\t\t\t\t\t\t\t\t<\/div>\n\t\t\t\t<\/div>\n\t\t\t\t\t<\/div>\n\t\t<\/div>\n\t\t\t\t<div class=\"elementor-column elementor-col-50 elementor-top-column elementor-element elementor-element-5087ef32\" data-id=\"5087ef32\" data-element_type=\"column\" data-e-type=\"column\">\n\t\t\t<div class=\"elementor-widget-wrap elementor-element-populated\">\n\t\t\t\t\t\t<div class=\"elementor-element elementor-element-62b9445b elementor-widget elementor-widget-image\" data-id=\"62b9445b\" data-element_type=\"widget\" data-e-type=\"widget\" data-widget_type=\"image.default\">\n\t\t\t\t<div class=\"elementor-widget-container\">\n\t\t\t\t\t\t\t\t\t\t\t\t\t\t\t\t<a href=\"https:\/\/fashion-square.net\/wp-content\/uploads\/2019\/07\/Unifa_50_web.jpg\" data-elementor-open-lightbox=\"yes\" data-e-action-hash=\"#elementor-action%3Aaction%3Dlightbox%26settings%3DeyJpZCI6ODE0NywidXJsIjpmYWxzZX0%3D\">\n\t\t\t\t\t\t\t<img decoding=\"async\" src=\"https:\/\/fashion-square.net\/wp-content\/uploads\/2019\/07\/Unifa_50_web.jpg\" title=\"\" alt=\"\" loading=\"lazy\" \/>\t\t\t\t\t\t\t\t<\/a>\n\t\t\t\t\t\t\t\t\t\t\t\t\t\t\t<\/div>\n\t\t\t\t<\/div>\n\t\t\t\t\t<\/div>\n\t\t<\/div>\n\t\t\t\t\t<\/div>\n\t\t<\/section>\n\t\t\t\t<section class=\"elementor-section elementor-top-section elementor-element elementor-element-30c765af elementor-section-boxed elementor-section-height-default elementor-section-height-default\" data-id=\"30c765af\" data-element_type=\"section\" data-e-type=\"section\">\n\t\t\t\t\t\t<div class=\"elementor-container elementor-column-gap-default\">\n\t\t\t\t\t<div class=\"elementor-column elementor-col-100 elementor-top-column elementor-element elementor-element-31434f5b\" data-id=\"31434f5b\" data-element_type=\"column\" data-e-type=\"column\">\n\t\t\t<div class=\"elementor-widget-wrap elementor-element-populated\">\n\t\t\t\t\t\t<div class=\"elementor-element elementor-element-6796a5ce elementor-widget elementor-widget-spacer\" data-id=\"6796a5ce\" data-element_type=\"widget\" data-e-type=\"widget\" data-widget_type=\"spacer.default\">\n\t\t\t\t<div class=\"elementor-widget-container\">\n\t\t\t\t\t\t\t<div class=\"elementor-spacer\">\n\t\t\t<div class=\"elementor-spacer-inner\"><\/div>\n\t\t<\/div>\n\t\t\t\t\t\t<\/div>\n\t\t\t\t<\/div>\n\t\t\t\t\t<\/div>\n\t\t<\/div>\n\t\t\t\t\t<\/div>\n\t\t<\/section>\n\t\t\t\t<section class=\"elementor-section elementor-top-section elementor-element elementor-element-224c0ef4 elementor-section-boxed elementor-section-height-default elementor-section-height-default\" data-id=\"224c0ef4\" data-element_type=\"section\" data-e-type=\"section\">\n\t\t\t\t\t\t<div class=\"elementor-container elementor-column-gap-default\">\n\t\t\t\t\t<div class=\"elementor-column elementor-col-100 elementor-top-column elementor-element elementor-element-2be62585\" data-id=\"2be62585\" data-element_type=\"column\" data-e-type=\"column\">\n\t\t\t<div class=\"elementor-widget-wrap elementor-element-populated\">\n\t\t\t\t\t\t<div class=\"elementor-element elementor-element-7dee360b elementor-widget elementor-widget-google_maps\" data-id=\"7dee360b\" data-element_type=\"widget\" data-e-type=\"widget\" data-widget_type=\"google_maps.default\">\n\t\t\t\t<div class=\"elementor-widget-container\">\n\t\t\t\t\t\t\t<div class=\"elementor-custom-embed\">\n\t\t\t<iframe loading=\"lazy\"\n\t\t\t\t\tsrc=\"https:\/\/maps.google.com\/maps?q=Unifa%20Plange%20M%C3%BChle%201%2C%20Weizenm%C3%BChlenstr.%2021%20D-40221%20D%C3%BCsseldorf&#038;t=m&#038;z=10&#038;output=embed&#038;iwloc=near\"\n\t\t\t\t\ttitle=\"Unifa Plange M\u00fchle 1, Weizenm\u00fchlenstr. 21 D-40221 D\u00fcsseldorf\"\n\t\t\t\t\taria-label=\"Unifa Plange M\u00fchle 1, Weizenm\u00fchlenstr. 21 D-40221 D\u00fcsseldorf\"\n\t\t\t><\/iframe>\n\t\t<\/div>\n\t\t\t\t\t\t<\/div>\n\t\t\t\t<\/div>\n\t\t\t\t\t<\/div>\n\t\t<\/div>\n\t\t\t\t\t<\/div>\n\t\t<\/section>\n\t\t\t\t<section class=\"elementor-section elementor-top-section elementor-element elementor-element-530ec3c6 elementor-section-boxed elementor-section-height-default elementor-section-height-default\" data-id=\"530ec3c6\" data-element_type=\"section\" data-e-type=\"section\">\n\t\t\t\t\t\t<div class=\"elementor-container elementor-column-gap-default\">\n\t\t\t\t\t<div class=\"elementor-column elementor-col-100 elementor-top-column elementor-element elementor-element-1f3467d9\" data-id=\"1f3467d9\" data-element_type=\"column\" data-e-type=\"column\">\n\t\t\t<div class=\"elementor-widget-wrap elementor-element-populated\">\n\t\t\t\t\t\t<div class=\"elementor-element elementor-element-6198e003 elementor-widget elementor-widget-text-editor\" data-id=\"6198e003\" data-element_type=\"widget\" data-e-type=\"widget\" data-widget_type=\"text-editor.default\">\n\t\t\t\t<div class=\"elementor-widget-container\">\n\t\t\t\t\t\t\t\t\t<table style=\"margin-top: 70px; border-width: initial; border-style: none; font-style: normal; font-variant-ligatures: normal; font-variant-caps: normal; font-weight: 400; font-size: 13px; font-family: Verdana, Arial, Tahoma, sans-serif; width: 793px; color: #808080; background: none;\" width=\"100%\"><tbody><tr><td style=\"vertical-align: top; text-align: left; background-image: none; background-position: initial; background-repeat: initial; border: initial none initial;\" width=\"100%\"><h2><span style=\"color: #808080;\"><strong>Showrooms<\/strong><\/span><\/h2><h4><span style=\"color: #808080;\"><strong>D\u00fcsseldorf<\/strong><\/span><\/h4><p><span style=\"color: #808080;\">UNIFA GMBH<\/span><br \/><span style=\"color: #808080;\">Plange M\u00fchle 1<\/span><br \/><span style=\"color: #808080;\">Weizenm\u00fchlenstr. 21<\/span><br \/><span style=\"color: #808080;\">Ground floor<\/span><br \/><span style=\"color: #808080;\">D-40221 D\u00fcsseldorf<\/span><br \/><span style=\"color: #808080;\">T +49 (0) 211\/17 14 99-0<\/span><br \/><span style=\"color: #808080;\">F +49 (0) 211\/17 14 99-28<\/span><\/p><p><span style=\"color: #808080;\"><strong>Contact:<\/strong><\/span><br \/><span style=\"color: #808080;\">Ms. Tanja Lehnertz<\/span><br \/><span style=\"color: #808080;\"><a style=\"color: #808080;\" href=\"mailto:tanjalehnertz@unifafashion.com\">tanjalehnertz@unifafashion.com<\/a><\/span><\/p><p><span style=\"color: #808080;\">BLUE BRAIN\/<\/span><br \/><span style=\"color: #808080;\">UNIFA Denim Division<\/span><br \/><span style=\"color: #808080;\">Plange M\u00fchle 1<\/span><br \/><span style=\"color: #808080;\">Weizenm\u00fchlenstr. 21<\/span><br \/><span style=\"color: #808080;\">Ground floor<\/span><br \/><span style=\"color: #808080;\">D-40221 D\u00fcsseldorf<\/span><br \/><span style=\"color: #808080;\">T +49 (0) 211\/17 14 99 0<\/span><br \/><span style=\"color: #808080;\">F +49 (0) 211\/23 92 05 68<\/span><\/p><p><span style=\"color: #808080;\">Contact:<\/span><br \/><span style=\"color: #808080;\">Ms. Tanja Lehnertz<\/span><br \/><span style=\"color: #808080;\"><a style=\"color: #808080;\" href=\"mailto:tanjalehnertz@unifafashion.com\">tanjalehnertz@unifafashion.com<\/a><\/span><\/p><p><span style=\"color: #808080;\">Order dates:<\/span><br \/><span style=\"color: #808080;\">All-year<\/span><\/p><h4><span style=\"color: #808080;\">Hamburg<\/span><\/h4><p><span style=\"color: #808080;\">UNIFA GMBH<\/span><br \/><span style=\"color: #808080;\">G\u00e4rnterstr. 18<\/span><br \/><span style=\"color: #808080;\">D-20253 Hamburg<\/span><br \/><span style=\"color: #808080;\">T <a style=\"color: #808080;\" href=\"tel:+49173 2779645\">+49 (0) 173 2779645<\/a><\/span><br \/><span style=\"color: #808080;\">F <a style=\"color: #808080;\" href=\"fax:+49 (0) 211 17 14 99 115\">+49 (0) 211 17 14 99 115<\/a><\/span><\/p><p><span style=\"color: #808080;\">Contact:<\/span><br \/><span style=\"color: #808080;\">Mr. Christoph Schneider<\/span><br \/><span style=\"color: #808080;\"><a style=\"color: #808080;\" href=\"mailto:Christoph.Schneider@ unifafashion.com\">Christoph.Schneider@<\/a><\/span><br \/><span style=\"color: #808080;\">unifafashion.com<\/span><\/p><p><span style=\"color: #808080;\">Contact allgemein:<\/span><br \/><span style=\"color: #808080;\"><a style=\"color: #808080;\" href=\"mailto:distribution@unifafashion.com\">distribution@unifafashion.com<\/a><\/span><\/p><p><span style=\"color: #808080;\">Order dates:<\/span><br \/><span style=\"color: #808080;\">All-year<\/span><\/p><div style=\"margin-top: 50px; padding-right: 49.0469px; padding-left: 16.3438px;\"><h3 style=\"font-size: 26px; line-height: 27px;\">\u00a0<\/h3><\/div><\/td><td style=\"vertical-align: top; text-align: left; background-image: none; background-position: initial; background-repeat: initial; border: initial none initial;\" width=\"100%\"><h2><span style=\"color: #808080;\"><strong>C<span style=\"color: #808080;\">ollections<\/span><\/strong><\/span><\/h2><hr \/><div><p><span style=\"color: #808080;\">JADCITED<\/span><br \/><span style=\"color: #808080;\">STAND STUDIO<\/span><br \/><span style=\"color: #808080;\">G-LAB<\/span><br \/><span style=\"color: #808080;\">JEREMY MEEKS<\/span><br \/><span style=\"color: #808080;\">RAG &amp; BONE<\/span><\/p><\/div><div>\u00a0<\/div><\/td><\/tr><\/tbody><\/table>\t\t\t\t\t\t\t\t<\/div>\n\t\t\t\t<\/div>\n\t\t\t\t\t<\/div>\n\t\t<\/div>\n\t\t\t\t\t<\/div>\n\t\t<\/section>\n\t\t\t\t<\/div>\n\t\t<div class=\"shariff shariff-align-flex-start shariff-widget-align-flex-start\" data-url=\"https%3A%2F%2Ffashion-square.net%2Fen%2Funifa%2F\" data-timestamp=\"1595447873\" data-backendurl=\"https:\/\/fashion-square.net\/en\/wp-json\/shariff\/v1\/share_counts?\"><ul class=\"shariff-buttons theme-default orientation-horizontal buttonsize-small\"><li class=\"shariff-button twitter shariff-nocustomcolor\" style=\"background-color:#1e3050\"><a href=\"https:\/\/twitter.com\/intent\/tweet?url=https%3A%2F%2Ffashion-square.net%2Fen%2Funifa%2F&text=Unifa\" title=\"Bei X (Twitter) teilen\" aria-label=\"Bei X (Twitter) teilen\" role=\"button\" rel=\"noreferrernoopener nofollow\" class=\"shariff-link\" style=\"; background-color:#000000; color:#fff\" target=\"_blank\"><span class=\"shariff-icon\" style=\"\"><svg xmlns=\"http:\/\/www.w3.org\/2000\/svg\" height=\"1em\" viewbox=\"0 0 512 512\"><!--! Font Awesome Free 6.4.2 by @fontawesome - https:\/\/fontawesome.com License - https:\/\/fontawesome.com\/license (Commercial License) Copyright 2023 Fonticons, Inc. --><style>svg{fill:#ffffff}<\/style><path d=\"M389.2 48h70.6L305.6 224.2 487 464H345L233.7 318.6 106.5 464H35.8L200.7 275.5 26.8 48H172.4L272.9 180.9 389.2 48zM364.4 421.8h39.1L151.1 88h-42L364.4 421.8z\"\/><\/svg><\/span><span class=\"shariff-text\">twittern<\/span>&nbsp;<\/a><\/li><li class=\"shariff-button facebook shariff-nocustomcolor\" style=\"background-color:#4273c8\"><a href=\"https:\/\/www.facebook.com\/sharer\/sharer.php?u=https%3A%2F%2Ffashion-square.net%2Fen%2Funifa%2F\" title=\"Bei Facebook teilen\" aria-label=\"Bei Facebook teilen\" role=\"button\" rel=\"noreferrernoopener nofollow\" class=\"shariff-link\" style=\"; background-color:#3b5998; color:#fff\" target=\"_blank\"><span class=\"shariff-icon\" style=\"\"><svg width=\"32px\" height=\"20px\" xmlns=\"http:\/\/www.w3.org\/2000\/svg\" viewbox=\"0 0 18 32\"><path fill=\"#3b5998\" d=\"M17.1 0.2v4.7h-2.8q-1.5 0-2.1 0.6t-0.5 1.9v3.4h5.2l-0.7 5.3h-4.5v13.6h-5.5v-13.6h-4.5v-5.3h4.5v-3.9q0-3.3 1.9-5.2t5-1.8q2.6 0 4.1 0.2z\"\/><\/svg><\/span><span class=\"shariff-text\">teilen<\/span>&nbsp;<\/a><\/li><li class=\"shariff-button whatsapp shariff-nocustomcolor\" style=\"background-color:#5cbe4a\"><a href=\"https:\/\/api.whatsapp.com\/send?text=https%3A%2F%2Ffashion-square.net%2Fen%2Funifa%2F%20Unifa\" title=\"Bei Whatsapp teilen\" aria-label=\"Bei Whatsapp teilen\" role=\"button\" rel=\"noreferrernoopener nofollow\" class=\"shariff-link\" style=\"; background-color:#34af23; color:#fff\" target=\"_blank\"><span class=\"shariff-icon\" style=\"\"><svg width=\"32px\" height=\"20px\" xmlns=\"http:\/\/www.w3.org\/2000\/svg\" viewbox=\"0 0 32 32\"><path fill=\"#34af23\" d=\"M17.6 17.4q0.2 0 1.7 0.8t1.6 0.9q0 0.1 0 0.3 0 0.6-0.3 1.4-0.3 0.7-1.3 1.2t-1.8 0.5q-1 0-3.4-1.1-1.7-0.8-3-2.1t-2.6-3.3q-1.3-1.9-1.3-3.5v-0.1q0.1-1.6 1.3-2.8 0.4-0.4 0.9-0.4 0.1 0 0.3 0t0.3 0q0.3 0 0.5 0.1t0.3 0.5q0.1 0.4 0.6 1.6t0.4 1.3q0 0.4-0.6 1t-0.6 0.8q0 0.1 0.1 0.3 0.6 1.3 1.8 2.4 1 0.9 2.7 1.8 0.2 0.1 0.4 0.1 0.3 0 1-0.9t0.9-0.9zM14 26.9q2.3 0 4.3-0.9t3.6-2.4 2.4-3.6 0.9-4.3-0.9-4.3-2.4-3.6-3.6-2.4-4.3-0.9-4.3 0.9-3.6 2.4-2.4 3.6-0.9 4.3q0 3.6 2.1 6.6l-1.4 4.2 4.3-1.4q2.8 1.9 6.2 1.9zM14 2.2q2.7 0 5.2 1.1t4.3 2.9 2.9 4.3 1.1 5.2-1.1 5.2-2.9 4.3-4.3 2.9-5.2 1.1q-3.5 0-6.5-1.7l-7.4 2.4 2.4-7.2q-1.9-3.2-1.9-6.9 0-2.7 1.1-5.2t2.9-4.3 4.3-2.9 5.2-1.1z\"\/><\/svg><\/span><span class=\"shariff-text\">teilen<\/span>&nbsp;<\/a><\/li><\/ul><\/div>","protected":false},"excerpt":{"rendered":"<p>UNIFA GmbH Head-Office Plange M\u00fchle 1, Weizenm\u00fchlenstr. 21 D-40221 D\u00fcsseldorf T+49 (0) 211\/17 14 99-0 F+49 (0) 211\/17 14 99-28 http:\/\/wp.unifa-fashion.com\/wordpress \u00a0 Contact Mr. Reinhard Haase<span class=\"excerpt-hellip\"> [\u2026]<\/span><\/p>\n","protected":false},"author":8,"featured_media":0,"parent":0,"menu_order":0,"comment_status":"closed","ping_status":"closed","template":"","meta":{"footnotes":""},"class_list":["post-3393","page","type-page","status-publish","hentry"],"_links":{"self":[{"href":"https:\/\/fashion-square.net\/en\/wp-json\/wp\/v2\/pages\/3393","targetHints":{"allow":["GET"]}}],"collection":[{"href":"https:\/\/fashion-square.net\/en\/wp-json\/wp\/v2\/pages"}],"about":[{"href":"https:\/\/fashion-square.net\/en\/wp-json\/wp\/v2\/types\/page"}],"author":[{"embeddable":true,"href":"https:\/\/fashion-square.net\/en\/wp-json\/wp\/v2\/users\/8"}],"replies":[{"embeddable":true,"href":"https:\/\/fashion-square.net\/en\/wp-json\/wp\/v2\/comments?post=3393"}],"version-history":[{"count":0,"href":"https:\/\/fashion-square.net\/en\/wp-json\/wp\/v2\/pages\/3393\/revisions"}],"wp:attachment":[{"href":"https:\/\/fashion-square.net\/en\/wp-json\/wp\/v2\/media?parent=3393"}],"curies":[{"name":"wp","href":"https:\/\/api.w.org\/{rel}","templated":true}]}}